{"id":241,"date":"2015-07-15T17:38:35","date_gmt":"2015-07-15T15:38:35","guid":{"rendered":"http:\/\/130.192.56.19\/wp\/?page_id=241"},"modified":"2019-11-12T11:27:36","modified_gmt":"2019-11-12T09:27:36","slug":"theopendvd","status":"publish","type":"page","link":"https:\/\/linux.studenti.polito.it\/wp\/theopendvd\/","title":{"rendered":"TheOpenDVD"},"content":{"rendered":"<p><img decoding=\"async\" loading=\"lazy\" class=\"wp-image-119 size-full alignleft\" src=\"https:\/\/linux.studenti.polito.it\/wp\/wp-content\/uploads\/distribuzioni\/theopendvd.png\" alt=\"theopendvd\" width=\"212\" height=\"81\"><a href=\"http:\/\/www.theopendvd.it\/live\/disctree\/it\/home.html\" target=\"_blank\" rel=\"noopener noreferrer\"><img decoding=\"async\" loading=\"lazy\" class=\"size-full alignright\" src=\"https:\/\/linux.studenti.polito.it\/wp\/wp-content\/uploads\/distribuzioni\/pulsante-online.png\" alt=\"Visita OnLine\" width=\"180\" height=\"46\"><\/a><a href=\"download\"><\/a><a href=\"download\"><img decoding=\"async\" loading=\"lazy\" class=\"alignright size-full\" src=\"https:\/\/linux.studenti.polito.it\/wp\/wp-content\/uploads\/distribuzioni\/pulsante-download.png\" alt=\"Download\" width=\"180\" height=\"46\"><\/a>TheOpenDVD, risultato del progetto <a href=\"..\/ileana\">ILeANA<\/a>, \u00e8 una ricca collezione di software Open Source di alta qualit\u00e0 per Windows, comodamente disponibile su un DVD. I software sono stati accuratamente selezionati per assicurare stabilit\u00e0, facilit\u00e0 d&#8217;uso e un&#8217;installazione e rimozione pulita dal computer. Questo DVD \u00e8 inteso per ampliare le tue conoscenze sul mondo dell&#8217;Open Source, ribadendo l&#8217;invito ad esplorare altri progetti, magari spingendosi a provare un intero nuovo sistema operativo, come GNU\/Linux.<\/p>\n<p style=\"text-align: justify;\">Il contenuto di TheOpenDVD \u00e8 anche <a href=\"http:\/\/www.theopendvd.it\/live\/disctree\/it\/home.html\" target=\"_blank\" rel=\"noopener noreferrer\">consultabile online<\/a> questo rende possibile installare i software e consultare la documentazione senza effettuare il <a href=\"download\">download<\/a> dell&#8217;intero DVD.<\/p>\n<p>Il DVD viene aggiornato solitamente una volta all&#8217;anno. La versione corrente (19.07 del 23 Luglio 2019) contiene 73 software organizzati in 8 categorie tematiche:<\/p>\n<p><b>Grafica<\/b><\/p>\n<ul>\n<li>Album Shaper 2.1<\/li>\n<li>Blender 2.79b<\/li>\n<li>Dia 0.97.2<\/li>\n<li>The GIMP 2.10.12<\/li>\n<li>Inkscape 0.92.4<\/li>\n<li>Open Clip Art Library 2.0<\/li>\n<\/ul>\n<p><b>Multimedia<\/b><\/p>\n<ul>\n<li>Audacity 2.3.2<\/li>\n<li>Avidemux 2.7.3<\/li>\n<li>CamStudio 2.7.2<\/li>\n<li>CDex 2.20<\/li>\n<li>GNU Solfege 3.23.4<\/li>\n<li>InfraRecorder 0.53<\/li>\n<li>MuseScore 3.2.3<\/li>\n<li>TuxGuitar 1.5.2<\/li>\n<li>VLC 3.0.7.1<\/li>\n<li>VLMC 0.1.0<\/li>\n<li>Zinf 2.2.1<\/li>\n<\/ul>\n<p><b>Giochi<\/b><\/p>\n<ul>\n<li>Connectagram 1.2.9<\/li>\n<li>Enigma 1.21<\/li>\n<li>FreeCiv 2.6.0<\/li>\n<li>FreeCol 0.11.6<\/li>\n<li>LBreakout2 2.6.3<\/li>\n<li>Neverball 1.5.4<\/li>\n<li>Sokoban YASC 1.655<\/li>\n<li>SuperTux 0.6.0<\/li>\n<li>Battle for Wesnoth 1.14.7<\/li>\n<li>WinBoard 4.8.0<\/li>\n<\/ul>\n<p><b>Utilit\u00e0<\/b><\/p>\n<ul>\n<li>7-Zip 19.00<\/li>\n<li>ClamWin 0.99.4<\/li>\n<li>Ghostscript 9.27<\/li>\n<li>GTK+ 2.24.10<\/li>\n<li>MD5summer 1.2.0.11<\/li>\n<li>Notepad2 4.2.25<\/li>\n<li>Notepad++ 7.7.1<\/li>\n<li>Really Slick Screensavers 0.2<\/li>\n<li>SciTE 4.2.0<\/li>\n<li>Workrave 1.10<\/li>\n<\/ul>\n<p><b>Ufficio<\/b><\/p>\n<ul>\n<li>AbiWord 2.9.4<\/li>\n<li>FreeMind 1.0.1<\/li>\n<li>GanttProject 2.8.10<\/li>\n<li>GnuCash 3.6<\/li>\n<li>KompoZer 0.8b3<\/li>\n<li>LibreOffice 6.2.5.2<\/li>\n<li>PDFCreator 3.5.1<\/li>\n<li>Scribus 1.4.8<\/li>\n<li>SumatraPDF 3.1.2<\/li>\n<\/ul>\n<p><b>Internet<\/b><\/p>\n<ul>\n<li>FileZilla 3.34.0<\/li>\n<li>Firefox 67.0.4<\/li>\n<li>Free Download Manager 5.1.38<\/li>\n<li>Linphone 4.1.1<\/li>\n<li>Pidgin 2.13.0<\/li>\n<li>PuTTY 0.70<\/li>\n<li>RSSOwl 2.2.1<\/li>\n<li>SeaMonkey 2.49.4<\/li>\n<li>Thunderbird 60.8.0<\/li>\n<li>TightVNC 2.8.23<\/li>\n<li>Tribler BitTorrent 7.2.2<\/li>\n<li>Vuze (Azureus) 5.7.6.0<\/li>\n<li>WinHTTrack 3.49.2<\/li>\n<li>WinSCP 5.15.2<\/li>\n<\/ul>\n<p><b>Educativi<\/b><\/p>\n<ul>\n<li>Celestia 1.6.1<\/li>\n<li>E-Toys 5.0<\/li>\n<li>Geogebra 6.0.546.0<\/li>\n<li>Guido Van Robot 4.4<\/li>\n<li>Marble 2.2.0<\/li>\n<li>NASA World Wind 1.4.0<\/li>\n<li>Stellarium 0.19.1.1<\/li>\n<li>Tux of Math Command 2.0.2<\/li>\n<li>Tux Paint 0.9.23<\/li>\n<li>Tux Typing 1.8.1<\/li>\n<\/ul>\n<p><b>Scientifici<\/b><\/p>\n<ul>\n<li>CaRMetal 3.8.2<\/li>\n<li>GraphCalc 4.0.1<\/li>\n<li>Maxima 5.42.2<\/li>\n<\/ul>\n<p>Per ognuno dei software ci sono fino a tre schede disponibili: una per presentare il software, una per mostrare alcuni screen shot, una per il materiale aggiuntivo come documentazione e plug-in. A margine delle schede i collegamenti per installare il software e per raggiungere il sito originale.<br \/>\n<a href=\"..\/wp-content\/uploads\/ileana.1.png\" target=\"_blank\" rel=\"noopener noreferrer\"><img decoding=\"async\" loading=\"lazy\" class=\"alignnone wp-image-260\" src=\"..\/wp-content\/uploads\/ileana.1.png\" alt=\"Scheda Descrizione Software\" width=\"178\" height=\"139\"><\/a> <img decoding=\"async\" loading=\"lazy\" class=\"alignnone wp-image-261 \" src=\"https:\/\/linux.studenti.polito.it\/wp\/wp-content\/uploads\/distribuzioni\/ileana.2-300x236.png\" alt=\"\" width=\"177\" height=\"139\" srcset=\"https:\/\/linux.studenti.polito.it\/wp\/wp-content\/uploads\/distribuzioni\/ileana.2-300x236.png 300w, https:\/\/linux.studenti.polito.it\/wp\/wp-content\/uploads\/distribuzioni\/ileana.2.png 750w\" sizes=\"(max-width: 177px) 100vw, 177px\" \/> <img decoding=\"async\" loading=\"lazy\" class=\"alignnone wp-image-262 \" src=\"https:\/\/linux.studenti.polito.it\/wp\/wp-content\/uploads\/distribuzioni\/ileana.3-300x236.png\" alt=\"\" width=\"178\" height=\"140\" srcset=\"https:\/\/linux.studenti.polito.it\/wp\/wp-content\/uploads\/distribuzioni\/ileana.3-300x236.png 300w, https:\/\/linux.studenti.polito.it\/wp\/wp-content\/uploads\/distribuzioni\/ileana.3.png 750w\" sizes=\"(max-width: 178px) 100vw, 178px\" \/><\/p>\n<p style=\"text-align: justify;\">linux@studenti ha realizzato un software per la <b>generazione automatica<\/b> di TheOpenDVD a partire da una base dati XML contenuta su un wiki. Il software denominato <a href=\"https:\/\/sourceforge.net\/projects\/tocd-tools\/\" target=\"_blank\" rel=\"noopener noreferrer\">TOCDtools<\/a> \u00e8 rilasciato con licenza GPL.<\/p>\n","protected":false},"excerpt":{"rendered":"<p>TheOpenDVD, risultato del progetto ILeANA, \u00e8 una ricca collezione di software Open Source di alta qualit\u00e0 per Windows, comodamente disponibile su un DVD. I software sono stati accuratamente selezionati per assicurare stabilit\u00e0, facilit\u00e0 d&#8217;uso e un&#8217;installazione e rimozione pulita dal computer. Questo DVD \u00e8 inteso per ampliare le tue conoscenze sul mondo dell&#8217;Open Source, ribadendo&#8230;<\/p>\n","protected":false},"author":1,"featured_media":0,"parent":0,"menu_order":0,"comment_status":"closed","ping_status":"open","template":"","meta":{"footnotes":""},"_links":{"self":[{"href":"https:\/\/linux.studenti.polito.it\/wp\/wp-json\/wp\/v2\/pages\/241"}],"collection":[{"href":"https:\/\/linux.studenti.polito.it\/wp\/wp-json\/wp\/v2\/pages"}],"about":[{"href":"https:\/\/linux.studenti.polito.it\/wp\/wp-json\/wp\/v2\/types\/page"}],"author":[{"embeddable":true,"href":"https:\/\/linux.studenti.polito.it\/wp\/wp-json\/wp\/v2\/users\/1"}],"replies":[{"embeddable":true,"href":"https:\/\/linux.studenti.polito.it\/wp\/wp-json\/wp\/v2\/comments?post=241"}],"version-history":[{"count":27,"href":"https:\/\/linux.studenti.polito.it\/wp\/wp-json\/wp\/v2\/pages\/241\/revisions"}],"predecessor-version":[{"id":2459,"href":"https:\/\/linux.studenti.polito.it\/wp\/wp-json\/wp\/v2\/pages\/241\/revisions\/2459"}],"wp:attachment":[{"href":"https:\/\/linux.studenti.polito.it\/wp\/wp-json\/wp\/v2\/media?parent=241"}],"curies":[{"name":"wp","href":"https:\/\/api.w.org\/{rel}","templated":true}]}}